{"id":2247,"date":"2022-10-17T12:02:34","date_gmt":"2022-10-17T10:02:34","guid":{"rendered":"https:\/\/www.sordato.it\/cookie-policy\/"},"modified":"2023-06-21T09:19:09","modified_gmt":"2023-06-21T07:19:09","slug":"cookie-policy","status":"publish","type":"page","link":"https:\/\/www.sordato.it\/en\/cookie-policy\/","title":{"rendered":"Cookie policy"},"content":{"rendered":"<h4 class=\"mt20 mb10 medium-title\"><strong>Utilizzo dei Cookie<\/strong><\/h4>\n<p class=\"text\">Il sito di SORDATO S.R.L. fa uso dei \u201ccookies\u201d per consentire all\u2019utente di personalizzare la propria visita sul sito. Un \u201ccookie\u201d \u00e8 un file di testo che viene salvato sul vostro computer da una pagina web. I \u201ccookies\u201d non possono essere utilizzati per inoculare virus nel vostro computer. I cookie di \u201cterze parti\u201d sono particolari tipi di cookie, gestiti da un sito diverso da quello su cui l\u2019utente sta navigando ma ad esso collegato, per la gestione di particolari tipi di contenuti. Si tratta solitamente di\u00a0immagini, suoni, link o altri elementi che risiedono all\u2019esterno del sito visitato<\/p>\n<p class=\"text\">I cookie si utilizzano per varie finalit\u00e0, tra le quali citiamo: facilitare l\u2019esecuzione di processi legati alla navigazione web, con lo scopo di automatizzare alcune delle operazioni che altrimenti dovrebbero essere ripetute ogni volta che si naviga su un sito; memorizzare informazioni relative a configurazioni del terminale dell\u2019utente; memorizzare preferenze di navigazione; monitorare elementi tecnici relativi alla sessione di navigazione.<\/p>\n<p class=\"text\">\u00c8 possibile decidere quali cookie accettare attraverso le impostazioni del browser che si utilizza per navigare. Le impostazioni predefinite della maggior parte dei browser prevedono l\u2019accettazione dei cookie, ma l\u2019utente pu\u00f2 modificare tali impostazioni intervenendo sulla configurazione del browser stesso. Esistono inoltre software di varia natura che possono agire sui cookie, come servizi web o componenti aggiuntivi dei browser.\u2028La Guida del browser utilizzato per navigare contiene tutte le informazioni per abilitare o bloccare i cookie, noi di seguito indichiamo alcuni collegamenti rapidi per ottenerle:<\/p>\n<ul class=\"text\">\n<li>Internet Explorer: <a href=\"http:\/\/windows.microsoft.com\/it-it\/windows7\/block-enable-or-allow-cookie\u2028\" target=\"_blank\" rel=\"noopener nofollow noreferrer\">http:\/\/windows.microsoft.com\/it-it\/windows7\/block-enable-or-allow-cookie\u2028<\/a><\/li>\n<li>Mozilla Firefox: <a href=\"https:\/\/support.mozilla.org\/it\/kb\/Attivare%20e%20disattivare%20i%20cookie\" target=\"_blank\" rel=\"noopener nofollow noreferrer\">https:\/\/support.mozilla.org\/it\/kb\/Attivare%20e%20disattivare%20i%20cookie<\/a><\/li>\n<li>Google Chrome: <a href=\"https:\/\/support.google.com\/accounts\/answer\/61416?hl=it\" target=\"_blank\" rel=\"noopener nofollow noreferrer\">https:\/\/support.google.com\/accounts\/answer\/61416?hl=it<\/a><\/li>\n<li>Apple Safari: <a href=\"https:\/\/support.apple.com\/it-it\/HT201265\" target=\"_blank\" rel=\"noopener nofollow noreferrer\">https:\/\/support.apple.com\/it-it\/HT201265<\/a><\/li>\n<\/ul>\n<p class=\"tetx\">Per scoprire di pi\u00f9 su come gestire i cookie visitare <a href=\"https:\/\/en.wikipedia.org\/wiki\/HTTP_cookie\" target=\"_blank\" rel=\"nofollow noopener noreferrer\">wikipedia.org<\/a>, <a href=\"http:\/\/www.allaboutcookies.org\/\" target=\"_blank\" rel=\"nofollow noopener noreferrer\">www.allaboutcookies.org.<\/a><\/p>\n<p class=\"text\">Qualora si decida di disattivare i cookie \u00e8 bene tener conto delle loro caratteristiche, per evitare di incorrere in modifiche non gradite alla navigazione sul sito. In particolare, la disattivazione di cookie tecnici potrebbe impedire l\u2019utilizzo di alcune funzionalit\u00e0 del sito.<\/p>\n<p class=\"text\">Dal momento che l&#8217;installazione di Cookie e di altri sistemi di tracciamento operata da terze parti tramite i servizi utilizzati all&#8217;interno di questa Applicazione non pu\u00f2 essere tecnicamente controllata dal Titolare, ogni riferimento specifico a Cookie e sistemi di tracciamento installati da terze parti \u00e8 da considerarsi indicativo. Per ottenere informazioni complete, l\u2019Utente \u00e8 invitato a consultare la privacy policy degli eventuali servizi terzi. Vista l&#8217;oggettiva complessit\u00e0 di identificazione delle tecnologie basate sui Cookie l&#8217;Utente \u00e8 invitato a contattare il Titolare qualora volesse ricevere qualunque approfondimento relativo all&#8217;utilizzo dei Cookie stessi tramite questa Applicazione.<\/p>\n<h4 class=\"mt20 mb10 medium-title\">What kind of cookies are used on this site?<\/h4>\n<p class=\"text\">The cookies used on this site have been grouped into the following categories<\/p>\n<div class=\"wt-cli-element cli_cookie_category_single\"><div class=\"cli_cookie_category_single\"><h5 class=\"cli_cookie_category_single_hd\">Necessary<\/h5><div class=\"cli_cookie_category_single_description\"><p>Necessary cookies are absolutely essential for the website to function properly. These cookies ensure basic functionalities and security features of the website, anonymously.\n<table class=\"wt-cli-element cookielawinfo-row-cat-table cookielawinfo-winter\"><thead><tr><th scope=\"col\" class=\"cookielawinfo-column-1\">Cookie<\/th><th scope=\"col\" class=\"cookielawinfo-column-3\">Duration<\/th><th scope=\"col\" class=\"cookielawinfo-column-4\">Description<\/th><\/tr><\/thead><tbody><tr class=\"cookielawinfo-row\"><td class=\"cookielawinfo-column-1\">_GRECAPTCHA<\/td><td class=\"cookielawinfo-column-3\">5 months 27 days<\/td><td class=\"cookielawinfo-column-4\">This cookie is set by the Google recaptcha service to identify bots to protect the website against malicious spam attacks.<\/td><\/tr><tr class=\"cookielawinfo-row\"><td class=\"cookielawinfo-column-1\">cookielawinfo-checkbox-analytics<\/td><td class=\"cookielawinfo-column-3\">1 year<\/td><td class=\"cookielawinfo-column-4\">Set by the GDPR Cookie Consent plugin, this cookie is used to record the user consent for the cookies in the \"Analytics\" category .<\/td><\/tr><tr class=\"cookielawinfo-row\"><td class=\"cookielawinfo-column-1\">cookielawinfo-checkbox-necessary<\/td><td class=\"cookielawinfo-column-3\">1 year<\/td><td class=\"cookielawinfo-column-4\">Set by the GDPR Cookie Consent plugin, this cookie is used to record the user consent for the cookies in the \"Necessary\" category .<\/td><\/tr><tr class=\"cookielawinfo-row\"><td class=\"cookielawinfo-column-1\">CookieLawInfoConsent<\/td><td class=\"cookielawinfo-column-3\">1 year<\/td><td class=\"cookielawinfo-column-4\">Records the default button state of the corresponding category & the status of CCPA. It works only in coordination with the primary cookie.<\/td><\/tr><tr class=\"cookielawinfo-row\"><td class=\"cookielawinfo-column-1\">viewed_cookie_policy<\/td><td class=\"cookielawinfo-column-3\">1 year<\/td><td class=\"cookielawinfo-column-4\">The cookie is set by the GDPR Cookie Consent plugin to store whether or not the user has consented to the use of cookies. It does not store any personal data.<\/td><\/tr><tr class=\"cookielawinfo-row\"><td class=\"cookielawinfo-column-1\">wp-wpml_current_language<\/td><td class=\"cookielawinfo-column-3\">session<\/td><td class=\"cookielawinfo-column-4\">Stores the current language.<\/td><\/tr><\/tbody><\/table><\/p><\/div><\/div><div class=\"cli_cookie_category_single\"><h5 class=\"cli_cookie_category_single_hd\">Analytics<\/h5><div class=\"cli_cookie_category_single_description\"><p>Analytical cookies are used to understand how visitors interact with the website. These cookies help provide information on metrics the number of visitors, bounce rate, traffic source, etc.\n<table class=\"wt-cli-element cookielawinfo-row-cat-table cookielawinfo-winter\"><thead><tr><th scope=\"col\" class=\"cookielawinfo-column-1\">Cookie<\/th><th scope=\"col\" class=\"cookielawinfo-column-3\">Duration<\/th><th scope=\"col\" class=\"cookielawinfo-column-4\">Description<\/th><\/tr><\/thead><tbody><tr class=\"cookielawinfo-row\"><td class=\"cookielawinfo-column-1\">_ga<\/td><td class=\"cookielawinfo-column-3\">2 years<\/td><td class=\"cookielawinfo-column-4\">The _ga cookie, installed by Google Analytics, calculates visitor, session and campaign data and also keeps track of site usage for the site's analytics report. The cookie stores information anonymously and assigns a randomly generated number to recognize unique visitors.<\/td><\/tr><tr class=\"cookielawinfo-row\"><td class=\"cookielawinfo-column-1\">_ga_4XT3D1N7E0<\/td><td class=\"cookielawinfo-column-3\">2 years<\/td><td class=\"cookielawinfo-column-4\">This cookie is installed by Google Analytics.<\/td><\/tr><\/tbody><\/table><\/p><\/div><\/div><\/div>\n<div class=\"mt80\">Review your consent:<br \/>\n<div class=\"wt-cli-element cli_user_consent_state\"><\/div><\/div>\n","protected":false},"excerpt":{"rendered":"<p>Utilizzo dei Cookie Il sito di SORDATO S.R.L. fa uso dei \u201ccookies\u201d per consentire all\u2019utente di personalizzare la propria visita sul sito. Un \u201ccookie\u201d \u00e8 un file di testo che viene salvato sul vostro computer da una pagina web. I \u201ccookies\u201d non possono essere utilizzati per inoculare virus nel vostro computer. I cookie di \u201cterze [&hellip;]<\/p>\n","protected":false},"author":1,"featured_media":0,"parent":0,"menu_order":0,"comment_status":"closed","ping_status":"closed","template":"template-privacy-cookie-policy.php","meta":{"_acf_changed":false,"site-sidebar-layout":"default","site-content-layout":"default","ast-site-content-layout":"default","site-content-style":"default","site-sidebar-style":"default","ast-global-header-display":"","ast-banner-title-visibility":"","ast-main-header-display":"","ast-hfb-above-header-display":"","ast-hfb-below-header-display":"","ast-hfb-mobile-header-display":"","site-post-title":"","ast-breadcrumbs-content":"","ast-featured-img":"","footer-sml-layout":"","theme-transparent-header-meta":"default","adv-header-id-meta":"","stick-header-meta":"","header-above-stick-meta":"","header-main-stick-meta":"","header-below-stick-meta":"","astra-migrate-meta-layouts":"default","ast-page-background-enabled":"default","ast-page-background-meta":{"desktop":{"background-color":"var(--ast-global-color-4)","background-image":"","background-repeat":"repeat","background-position":"center center","background-size":"auto","background-attachment":"scroll","background-type":"","background-media":"","overlay-type":"","overlay-color":"","overlay-opacity":"","overlay-gradient":""},"tablet":{"background-color":"","background-image":"","background-repeat":"repeat","background-position":"center center","background-size":"auto","background-attachment":"scroll","background-type":"","background-media":"","overlay-type":"","overlay-color":"","overlay-opacity":"","overlay-gradient":""},"mobile":{"background-color":"","background-image":"","background-repeat":"repeat","background-position":"center center","background-size":"auto","background-attachment":"scroll","background-type":"","background-media":"","overlay-type":"","overlay-color":"","overlay-opacity":"","overlay-gradient":""}},"ast-content-background-meta":{"desktop":{"background-color":"var(--ast-global-color-5)","background-image":"","background-repeat":"repeat","background-position":"center center","background-size":"auto","background-attachment":"scroll","background-type":"","background-media":"","overlay-type":"","overlay-color":"","overlay-opacity":"","overlay-gradient":""},"tablet":{"background-color":"var(--ast-global-color-5)","background-image":"","background-repeat":"repeat","background-position":"center center","background-size":"auto","background-attachment":"scroll","background-type":"","background-media":"","overlay-type":"","overlay-color":"","overlay-opacity":"","overlay-gradient":""},"mobile":{"background-color":"var(--ast-global-color-5)","background-image":"","background-repeat":"repeat","background-position":"center center","background-size":"auto","background-attachment":"scroll","background-type":"","background-media":"","overlay-type":"","overlay-color":"","overlay-opacity":"","overlay-gradient":""}},"footnotes":""},"class_list":["post-2247","page","type-page","status-publish","hentry"],"acf":[],"yoast_head":"<!-- This site is optimized with the Yoast SEO plugin v26.0 - https:\/\/yoast.com\/wordpress\/plugins\/seo\/ -->\n<title>Cookie Policy | SORDATO<\/title>\n<meta name=\"description\" content=\"Cookie Information Notice pursuant to Art. 13 of the Privacy Code drafted in accordance with the Personal Data Protection Authority Order\" \/>\n<meta name=\"robots\" content=\"index, follow, max-snippet:-1, max-image-preview:large, max-video-preview:-1\" \/>\n<link rel=\"canonical\" href=\"https:\/\/www.sordato.it\/en\/cookie-policy\/\" \/>\n<meta property=\"og:locale\" content=\"en_US\" \/>\n<meta property=\"og:type\" content=\"article\" \/>\n<meta property=\"og:title\" content=\"Cookie Policy | SORDATO\" \/>\n<meta property=\"og:description\" content=\"Cookie Information Notice pursuant to Art. 13 of the Privacy Code drafted in accordance with the Personal Data Protection Authority Order\" \/>\n<meta property=\"og:url\" content=\"https:\/\/www.sordato.it\/en\/cookie-policy\/\" \/>\n<meta property=\"og:site_name\" content=\"Sordato S.r.l.\" \/>\n<meta property=\"article:modified_time\" content=\"2023-06-21T07:19:09+00:00\" \/>\n<meta name=\"twitter:card\" content=\"summary_large_image\" \/>\n<script type=\"application\/ld+json\" class=\"yoast-schema-graph\">{\"@context\":\"https:\/\/schema.org\",\"@graph\":[{\"@type\":\"WebPage\",\"@id\":\"https:\/\/www.sordato.it\/en\/cookie-policy\/\",\"url\":\"https:\/\/www.sordato.it\/en\/cookie-policy\/\",\"name\":\"Cookie Policy | SORDATO\",\"isPartOf\":{\"@id\":\"https:\/\/www.sordato.it\/en\/#website\"},\"datePublished\":\"2022-10-17T10:02:34+00:00\",\"dateModified\":\"2023-06-21T07:19:09+00:00\",\"description\":\"Cookie Information Notice pursuant to Art. 13 of the Privacy Code drafted in accordance with the Personal Data Protection Authority Order\",\"inLanguage\":\"en-US\",\"potentialAction\":[{\"@type\":\"ReadAction\",\"target\":[\"https:\/\/www.sordato.it\/en\/cookie-policy\/\"]}]},{\"@type\":\"WebSite\",\"@id\":\"https:\/\/www.sordato.it\/en\/#website\",\"url\":\"https:\/\/www.sordato.it\/en\/\",\"name\":\"Sordato S.r.l.\",\"description\":\"Soluzioni innovative per l&#039;enologia\",\"publisher\":{\"@id\":\"https:\/\/www.sordato.it\/en\/#organization\"},\"potentialAction\":[{\"@type\":\"SearchAction\",\"target\":{\"@type\":\"EntryPoint\",\"urlTemplate\":\"https:\/\/www.sordato.it\/en\/?s={search_term_string}\"},\"query-input\":{\"@type\":\"PropertyValueSpecification\",\"valueRequired\":true,\"valueName\":\"search_term_string\"}}],\"inLanguage\":\"en-US\"},{\"@type\":\"Organization\",\"@id\":\"https:\/\/www.sordato.it\/en\/#organization\",\"name\":\"Sordato S.r.l.\",\"url\":\"https:\/\/www.sordato.it\/en\/\",\"logo\":{\"@type\":\"ImageObject\",\"inLanguage\":\"en-US\",\"@id\":\"https:\/\/www.sordato.it\/en\/#\/schema\/logo\/image\/\",\"url\":\"https:\/\/www.sordato.it\/wp-content\/uploads\/2022\/10\/sordato-favicon-300x300-1.png\",\"contentUrl\":\"https:\/\/www.sordato.it\/wp-content\/uploads\/2022\/10\/sordato-favicon-300x300-1.png\",\"width\":300,\"height\":300,\"caption\":\"Sordato S.r.l.\"},\"image\":{\"@id\":\"https:\/\/www.sordato.it\/en\/#\/schema\/logo\/image\/\"},\"sameAs\":[\"https:\/\/www.youtube.com\/user\/sordatoenologia\"]}]}<\/script>\n<!-- \/ Yoast SEO plugin. -->","yoast_head_json":{"title":"Cookie Policy | SORDATO","description":"Cookie Information Notice pursuant to Art. 13 of the Privacy Code drafted in accordance with the Personal Data Protection Authority Order","robots":{"index":"index","follow":"follow","max-snippet":"max-snippet:-1","max-image-preview":"max-image-preview:large","max-video-preview":"max-video-preview:-1"},"canonical":"https:\/\/www.sordato.it\/en\/cookie-policy\/","og_locale":"en_US","og_type":"article","og_title":"Cookie Policy | SORDATO","og_description":"Cookie Information Notice pursuant to Art. 13 of the Privacy Code drafted in accordance with the Personal Data Protection Authority Order","og_url":"https:\/\/www.sordato.it\/en\/cookie-policy\/","og_site_name":"Sordato S.r.l.","article_modified_time":"2023-06-21T07:19:09+00:00","twitter_card":"summary_large_image","schema":{"@context":"https:\/\/schema.org","@graph":[{"@type":"WebPage","@id":"https:\/\/www.sordato.it\/en\/cookie-policy\/","url":"https:\/\/www.sordato.it\/en\/cookie-policy\/","name":"Cookie Policy | SORDATO","isPartOf":{"@id":"https:\/\/www.sordato.it\/en\/#website"},"datePublished":"2022-10-17T10:02:34+00:00","dateModified":"2023-06-21T07:19:09+00:00","description":"Cookie Information Notice pursuant to Art. 13 of the Privacy Code drafted in accordance with the Personal Data Protection Authority Order","inLanguage":"en-US","potentialAction":[{"@type":"ReadAction","target":["https:\/\/www.sordato.it\/en\/cookie-policy\/"]}]},{"@type":"WebSite","@id":"https:\/\/www.sordato.it\/en\/#website","url":"https:\/\/www.sordato.it\/en\/","name":"Sordato S.r.l.","description":"Soluzioni innovative per l&#039;enologia","publisher":{"@id":"https:\/\/www.sordato.it\/en\/#organization"},"potentialAction":[{"@type":"SearchAction","target":{"@type":"EntryPoint","urlTemplate":"https:\/\/www.sordato.it\/en\/?s={search_term_string}"},"query-input":{"@type":"PropertyValueSpecification","valueRequired":true,"valueName":"search_term_string"}}],"inLanguage":"en-US"},{"@type":"Organization","@id":"https:\/\/www.sordato.it\/en\/#organization","name":"Sordato S.r.l.","url":"https:\/\/www.sordato.it\/en\/","logo":{"@type":"ImageObject","inLanguage":"en-US","@id":"https:\/\/www.sordato.it\/en\/#\/schema\/logo\/image\/","url":"https:\/\/www.sordato.it\/wp-content\/uploads\/2022\/10\/sordato-favicon-300x300-1.png","contentUrl":"https:\/\/www.sordato.it\/wp-content\/uploads\/2022\/10\/sordato-favicon-300x300-1.png","width":300,"height":300,"caption":"Sordato S.r.l."},"image":{"@id":"https:\/\/www.sordato.it\/en\/#\/schema\/logo\/image\/"},"sameAs":["https:\/\/www.youtube.com\/user\/sordatoenologia"]}]}},"_links":{"self":[{"href":"https:\/\/www.sordato.it\/en\/wp-json\/wp\/v2\/pages\/2247","targetHints":{"allow":["GET"]}}],"collection":[{"href":"https:\/\/www.sordato.it\/en\/wp-json\/wp\/v2\/pages"}],"about":[{"href":"https:\/\/www.sordato.it\/en\/wp-json\/wp\/v2\/types\/page"}],"author":[{"embeddable":true,"href":"https:\/\/www.sordato.it\/en\/wp-json\/wp\/v2\/users\/1"}],"replies":[{"embeddable":true,"href":"https:\/\/www.sordato.it\/en\/wp-json\/wp\/v2\/comments?post=2247"}],"version-history":[{"count":2,"href":"https:\/\/www.sordato.it\/en\/wp-json\/wp\/v2\/pages\/2247\/revisions"}],"predecessor-version":[{"id":2317,"href":"https:\/\/www.sordato.it\/en\/wp-json\/wp\/v2\/pages\/2247\/revisions\/2317"}],"wp:attachment":[{"href":"https:\/\/www.sordato.it\/en\/wp-json\/wp\/v2\/media?parent=2247"}],"curies":[{"name":"wp","href":"https:\/\/api.w.org\/{rel}","templated":true}]}}